{"id":5404,"date":"2023-03-22T01:06:35","date_gmt":"2023-03-22T00:06:35","guid":{"rendered":"https:\/\/neweolis2023.massilia.info\/subsidiaries\/ivory-coast\/"},"modified":"2025-10-31T09:58:27","modified_gmt":"2025-10-31T08:58:27","slug":"ivory-coast","status":"publish","type":"page","link":"https:\/\/www.eolis-log.com\/en\/ivory-coast\/","title":{"rendered":"Ivory Coast"},"content":{"rendered":"\n<h2 class=\"wp-block-heading\">About us<\/h2>\n\n\n\n<p>Eolis C\u00f4te d&#8217;Ivoire is the major partner of the banana industry in C\u00f4te d&#8217;Ivoire. Eolis C\u00f4te d&#8217;Ivoire is a major player at the Port Autonome de Abidjan in the transport of containerized and conventional goods, in partnership with AEL and EAGLE.<\/p>\n\n\n\n<p>Eolis C\u00f4te d&#8217;Ivoire has a professional team specializing in the handling and transport of refrigerated and perishable cargo, requiring a high level of responsiveness, adaptability and precision. We are also ready to make these qualities available to our customers for all types of logistics services.<\/p>\n\n\n\n<p>Notre savoir-faire logistique est notre force au sein de notre r\u00e9seau EOLIS.<\/p>\n\n\n\n<h2 class=\"wp-block-heading\">Our services<\/h2>\n\n\n\n<p>Your satisfaction being our sole credo, we offer a wide range of services that are sure to meet your needs:<\/p>\n\n\n\n<ul class=\"wp-block-list\">\n<li>Handling<\/li>\n\n\n\n<li>Stevedoring<\/li>\n\n\n\n<li>Consignment<\/li>\n\n\n\n<li>Logistics services<\/li>\n\n\n\n<li>Transit services<\/li>\n\n\n\n<li>Customs formalities<\/li>\n\n\n\n<li>Container maintenance and surveillance<\/li>\n<\/ul>\n\n\n<a target=\"_blank\" class=\"cf-content-btn\" href=\"https:\/\/www.eolis-log.com\/wp-content\/uploads\/2025\/10\/251017_Fiche_EolisCI_A4_EN.pdf\">See details of our services<\/a>\n\n\n\n<h2 class=\"wp-block-heading\">Our team<\/h2>\n\n\n\n<p>Whatever your import or export needs, don&#8217;t hesitate to contact our team, who will find the most suitable, appropriate and cost-effective solution for you.<\/p>\n\n\n\n<ul class=\"wp-block-list\">\n<li>Marketing Department Manager, phone: +225 07 08 978 100<\/li>\n\n\n\n<li>Acconage Department Manager, phone: +225 07 08 083 060<\/li>\n<\/ul>\n\n\n\n<h2 class=\"wp-block-heading\">Contact<\/h2>\n\n\n\n<p>HQ, Abidjan Plateau Immeuble Corniche Escalier B, 12<sup>\u00e8me<\/sup> \u00e9tage<br>15 BP 251 Abidjan 15<br><a href=\"https:\/\/www.google.com\/maps\/place\/immeuble+corniche\/@5.3247031,-4.0223897,17z\/data=!3m1!4b1!4m6!3m5!1s0xfc1ebba6f95ae3d:0xd103152325c47cf6!8m2!3d5.3247031!4d-4.0175188!16s%2Fg%2F11dy1ml1pv?entry=ttu\" target=\"_blank\" rel=\"noreferrer noopener\">See on Google Maps<\/a> <br>Tel: +225 27 20 32 03 09<br>Fax: +225 27 32 03 30<br>E-mail: info@eolis.ci<\/p>\n\n\n<a target=\"_blank\" class=\"cf-content-btn\" href=\"https:\/\/www.eolis-log.com\/en\/lines-and-schedules\/\">See all schedules &amp; dates<\/a>\n\n\n\n<div class=\"wp-block-divi-layout\">[et_pb_section fb_built=&#8221;1&#8243; admin_label=&#8221;section&#8221; _builder_version=&#8221;4.21.0&#8243; width=&#8221;100%&#8221; max_width=&#8221;100%&#8221; custom_margin=&#8221;20px|0px|0px|0px|false|false&#8221; custom_padding=&#8221;0px|0px|0px|0px|false|false&#8221; global_colors_info=&#8221;{}&#8221;][et_pb_row admin_label=&#8221;row&#8221; _builder_version=&#8221;4.21.0&#8243; background_size=&#8221;initial&#8221; background_position=&#8221;top_left&#8221; background_repeat=&#8221;repeat&#8221; width=&#8221;100%&#8221; custom_margin=&#8221;0px|0px|0px|0px|false|false&#8221; custom_padding=&#8221;0px|0px|0px|0px|false|false&#8221; global_colors_info=&#8221;{}&#8221;][et_pb_column type=&#8221;4_4&#8243; _builder_version=&#8221;4.21.0&#8243; _module_preset=&#8221;default&#8221; global_colors_info=&#8221;{}&#8221;][dnxte_coverflowslider_parent dnxte_coverflow_loop=&#8221;on&#8221; dnxte_coverflow_centered_slides=&#8221;on&#8221; dnxte_coverflow_auto_height=&#8221;on&#8221; dnxte_coverflow_equal_height=&#8221;off&#8221; dnxte_coverflow_grab=&#8221;on&#8221; dnxte_coverflow_keyboard_enable=&#8221;off&#8221; dnxte_coverflow_mousewheel_enable=&#8221;off&#8221; dnxte_coverflow_speed=&#8221;674&#8243; dnxte_coverflow_arrows=&#8221;on&#8221; dnxte_coverflow_pagination_type=&#8221;none&#8221; dnxte_coverflow_breakpoint_desktop=&#8221;2&#8243; dnxte_coverflow_arrow_color=&#8221;rgba(255,255,255,0.7)&#8221; dnxte_coverflow_arrow_background_color=&#8221;rgba(255,255,255,0)&#8221; dnxte_coverflow_arrow_size=&#8221;48&#8243; lightbox_showhide=&#8221;on&#8221; dnxte_coverflow_breakpoint_desktop_tablet=&#8221;2&#8243; dnxte_coverflow_breakpoint_desktop_phone=&#8221;2&#8243; dnxte_coverflow_breakpoint_desktop_last_edited=&#8221;on|phone&#8221; admin_label=&#8221;Next Divi Carousel&#8221; module_class=&#8221;slider-filiale&#8221; _builder_version=&#8221;4.24.3&#8243; _module_preset=&#8221;default&#8221; custom_margin=&#8221;||||false|false&#8221; custom_padding=&#8221;||||false|false&#8221; custom_padding_tablet=&#8221;||||false|false&#8221; custom_padding_phone=&#8221;||30px||false|false&#8221; custom_padding_last_edited=&#8221;off|desktop&#8221; hover_enabled=&#8221;0&#8243; border_radii_image_border=&#8221;on|15px|15px|15px|15px&#8221; global_colors_info=&#8221;{}&#8221; sticky_enabled=&#8221;0&#8243;][dnxte_coverflowslider_child coverflowslider_image=&#8221;https:\/\/www.eolis-log.com\/wp-content\/uploads\/2024\/04\/Compagnie_FruitiereG0030443-L-500&#215;500.jpg&#8221; _builder_version=&#8221;4.24.3&#8243; _module_preset=&#8221;default&#8221; hover_enabled=&#8221;0&#8243; global_colors_info=&#8221;{}&#8221; title_text=&#8221;Compagnie_Fruitie\u0300reG0030443-L&#8221; sticky_enabled=&#8221;0&#8243;][\/dnxte_coverflowslider_child][dnxte_coverflowslider_child coverflowslider_image=&#8221;https:\/\/www.eolis-log.com\/wp-content\/uploads\/2024\/04\/Compagnie_Fruitiere_Cote-D-Ivoirian-Star-edited-500&#215;500.jpg&#8221; _builder_version=&#8221;4.24.3&#8243; _module_preset=&#8221;default&#8221; hover_enabled=&#8221;0&#8243; global_colors_info=&#8221;{}&#8221; title_text=&#8221;Compagnie_Fruitie\u0300re_Cote D Ivoirian Star edited&#8221; sticky_enabled=&#8221;0&#8243;][\/dnxte_coverflowslider_child][dnxte_coverflowslider_child coverflowslider_image=&#8221;https:\/\/www.eolis-log.com\/wp-content\/uploads\/2024\/04\/Compagnie_Fruitiere_Costa-Rican-Star-L-500&#215;500.jpg&#8221; _builder_version=&#8221;4.24.3&#8243; _module_preset=&#8221;default&#8221; hover_enabled=&#8221;0&#8243; global_colors_info=&#8221;{}&#8221; title_text=&#8221;Compagnie_Fruitie\u0300re_Costa-Rican-Star-L&#8221; sticky_enabled=&#8221;0&#8243;][\/dnxte_coverflowslider_child][\/dnxte_coverflowslider_parent][\/et_pb_column][\/et_pb_row][\/et_pb_section]<\/div>\n\n\n\n<p><span><a target=\"_blank\" class=\"cf-content-btn\" href=\"https:\/\/www.eolis-log.com\/en\/ghana\/\">Next office<\/a><\/span><\/p>\n","protected":false},"excerpt":{"rendered":"<p>About us Eolis C\u00f4te d&#8217;Ivoire is the major partner of the banana industry in C\u00f4te d&#8217;Ivoire. Eolis C\u00f4te d&#8217;Ivoire is a major player at the Port Autonome de Abidjan in the transport of containerized and conventional goods, in partnership with AEL and EAGLE. Eolis C\u00f4te d&#8217;Ivoire has a professional team specializing in the handling and [&hellip;]<\/p>\n","protected":false},"author":12,"featured_media":0,"parent":0,"menu_order":0,"comment_status":"closed","ping_status":"closed","template":"","meta":{"_et_pb_use_builder":"off","_et_pb_old_content":"","_et_gb_content_width":"","footnotes":""},"class_list":["post-5404","page","type-page","status-publish","hentry"],"yoast_head":"<!-- This site is optimized with the Yoast SEO plugin v27.3 - https:\/\/yoast.com\/product\/yoast-seo-wordpress\/ -->\n<title>Containerized and perishable goods Ivory Coast | EOLIS<\/title>\n<meta name=\"description\" content=\"Banana industry partner, specializing in the transportation of perishable goods at the Port of Abidjan with AEL and EAGLE.\" \/>\n<meta name=\"robots\" content=\"index, follow, max-snippet:-1, max-image-preview:large, max-video-preview:-1\" \/>\n<link rel=\"canonical\" href=\"https:\/\/www.eolis-log.com\/en\/ivory-coast\/\" \/>\n<meta property=\"og:locale\" content=\"en_US\" \/>\n<meta property=\"og:type\" content=\"article\" \/>\n<meta property=\"og:title\" content=\"Containerized and perishable goods Ivory Coast | EOLIS\" \/>\n<meta property=\"og:description\" content=\"Banana industry partner, specializing in the transportation of perishable goods at the Port of Abidjan with AEL and EAGLE.\" \/>\n<meta property=\"og:url\" content=\"https:\/\/www.eolis-log.com\/en\/ivory-coast\/\" \/>\n<meta property=\"og:site_name\" content=\"Eolis\" \/>\n<meta property=\"article:modified_time\" content=\"2025-10-31T08:58:27+00:00\" \/>\n<meta name=\"twitter:card\" content=\"summary_large_image\" \/>\n<meta name=\"twitter:label1\" content=\"Est. reading time\" \/>\n\t<meta name=\"twitter:data1\" content=\"2 minutes\" \/>\n<script type=\"application\/ld+json\" class=\"yoast-schema-graph\">{\"@context\":\"https:\\\/\\\/schema.org\",\"@graph\":[{\"@type\":\"WebPage\",\"@id\":\"https:\\\/\\\/www.eolis-log.com\\\/en\\\/ivory-coast\\\/\",\"url\":\"https:\\\/\\\/www.eolis-log.com\\\/en\\\/ivory-coast\\\/\",\"name\":\"Containerized and perishable goods Ivory Coast | EOLIS\",\"isPartOf\":{\"@id\":\"https:\\\/\\\/www.eolis-log.com\\\/#website\"},\"datePublished\":\"2023-03-22T00:06:35+00:00\",\"dateModified\":\"2025-10-31T08:58:27+00:00\",\"description\":\"Banana industry partner, specializing in the transportation of perishable goods at the Port of Abidjan with AEL and EAGLE.\",\"breadcrumb\":{\"@id\":\"https:\\\/\\\/www.eolis-log.com\\\/en\\\/ivory-coast\\\/#breadcrumb\"},\"inLanguage\":\"en-US\",\"potentialAction\":[{\"@type\":\"ReadAction\",\"target\":[\"https:\\\/\\\/www.eolis-log.com\\\/en\\\/ivory-coast\\\/\"]}]},{\"@type\":\"BreadcrumbList\",\"@id\":\"https:\\\/\\\/www.eolis-log.com\\\/en\\\/ivory-coast\\\/#breadcrumb\",\"itemListElement\":[{\"@type\":\"ListItem\",\"position\":1,\"name\":\"Accueil\",\"item\":\"https:\\\/\\\/www.eolis-log.com\\\/\"},{\"@type\":\"ListItem\",\"position\":2,\"name\":\"Ivory Coast\"}]},{\"@type\":\"WebSite\",\"@id\":\"https:\\\/\\\/www.eolis-log.com\\\/#website\",\"url\":\"https:\\\/\\\/www.eolis-log.com\\\/\",\"name\":\"Eolis\",\"description\":\"Transport maritime et terrestre\",\"potentialAction\":[{\"@type\":\"SearchAction\",\"target\":{\"@type\":\"EntryPoint\",\"urlTemplate\":\"https:\\\/\\\/www.eolis-log.com\\\/?s={search_term_string}\"},\"query-input\":{\"@type\":\"PropertyValueSpecification\",\"valueRequired\":true,\"valueName\":\"search_term_string\"}}],\"inLanguage\":\"en-US\"}]}<\/script>\n<!-- \/ Yoast SEO plugin. -->","yoast_head_json":{"title":"Containerized and perishable goods Ivory Coast | EOLIS","description":"Banana industry partner, specializing in the transportation of perishable goods at the Port of Abidjan with AEL and EAGLE.","robots":{"index":"index","follow":"follow","max-snippet":"max-snippet:-1","max-image-preview":"max-image-preview:large","max-video-preview":"max-video-preview:-1"},"canonical":"https:\/\/www.eolis-log.com\/en\/ivory-coast\/","og_locale":"en_US","og_type":"article","og_title":"Containerized and perishable goods Ivory Coast | EOLIS","og_description":"Banana industry partner, specializing in the transportation of perishable goods at the Port of Abidjan with AEL and EAGLE.","og_url":"https:\/\/www.eolis-log.com\/en\/ivory-coast\/","og_site_name":"Eolis","article_modified_time":"2025-10-31T08:58:27+00:00","twitter_card":"summary_large_image","twitter_misc":{"Est. reading time":"2 minutes"},"schema":{"@context":"https:\/\/schema.org","@graph":[{"@type":"WebPage","@id":"https:\/\/www.eolis-log.com\/en\/ivory-coast\/","url":"https:\/\/www.eolis-log.com\/en\/ivory-coast\/","name":"Containerized and perishable goods Ivory Coast | EOLIS","isPartOf":{"@id":"https:\/\/www.eolis-log.com\/#website"},"datePublished":"2023-03-22T00:06:35+00:00","dateModified":"2025-10-31T08:58:27+00:00","description":"Banana industry partner, specializing in the transportation of perishable goods at the Port of Abidjan with AEL and EAGLE.","breadcrumb":{"@id":"https:\/\/www.eolis-log.com\/en\/ivory-coast\/#breadcrumb"},"inLanguage":"en-US","potentialAction":[{"@type":"ReadAction","target":["https:\/\/www.eolis-log.com\/en\/ivory-coast\/"]}]},{"@type":"BreadcrumbList","@id":"https:\/\/www.eolis-log.com\/en\/ivory-coast\/#breadcrumb","itemListElement":[{"@type":"ListItem","position":1,"name":"Accueil","item":"https:\/\/www.eolis-log.com\/"},{"@type":"ListItem","position":2,"name":"Ivory Coast"}]},{"@type":"WebSite","@id":"https:\/\/www.eolis-log.com\/#website","url":"https:\/\/www.eolis-log.com\/","name":"Eolis","description":"Transport maritime et terrestre","potentialAction":[{"@type":"SearchAction","target":{"@type":"EntryPoint","urlTemplate":"https:\/\/www.eolis-log.com\/?s={search_term_string}"},"query-input":{"@type":"PropertyValueSpecification","valueRequired":true,"valueName":"search_term_string"}}],"inLanguage":"en-US"}]}},"_links":{"self":[{"href":"https:\/\/www.eolis-log.com\/en\/wp-json\/wp\/v2\/pages\/5404","targetHints":{"allow":["GET"]}}],"collection":[{"href":"https:\/\/www.eolis-log.com\/en\/wp-json\/wp\/v2\/pages"}],"about":[{"href":"https:\/\/www.eolis-log.com\/en\/wp-json\/wp\/v2\/types\/page"}],"author":[{"embeddable":true,"href":"https:\/\/www.eolis-log.com\/en\/wp-json\/wp\/v2\/users\/12"}],"replies":[{"embeddable":true,"href":"https:\/\/www.eolis-log.com\/en\/wp-json\/wp\/v2\/comments?post=5404"}],"version-history":[{"count":23,"href":"https:\/\/www.eolis-log.com\/en\/wp-json\/wp\/v2\/pages\/5404\/revisions"}],"predecessor-version":[{"id":8566,"href":"https:\/\/www.eolis-log.com\/en\/wp-json\/wp\/v2\/pages\/5404\/revisions\/8566"}],"wp:attachment":[{"href":"https:\/\/www.eolis-log.com\/en\/wp-json\/wp\/v2\/media?parent=5404"}],"curies":[{"name":"wp","href":"https:\/\/api.w.org\/{rel}","templated":true}]}}